{"id":129,"date":"2025-09-30T16:12:46","date_gmt":"2025-09-30T16:12:46","guid":{"rendered":"https:\/\/fainstudios.ro\/?page_id=129"},"modified":"2025-10-30T12:33:56","modified_gmt":"2025-10-30T10:33:56","slug":"politica-cookies","status":"publish","type":"page","link":"https:\/\/fainstudios.ro\/en\/politica-cookies\/","title":{"rendered":"Cookie Policy"},"content":{"rendered":"<style>.elementor-129 .elementor-element.elementor-element-f0f5491{--display:flex;--flex-direction:column;--container-widget-width:100%;--container-widget-height:initial;--container-widget-flex-grow:0;--container-widget-align-self:initial;--flex-wrap-mobile:wrap;border-style:solid;--border-style:solid;border-width:1px 0px 1px 0px;--border-top-width:1px;--border-right-width:0px;--border-bottom-width:1px;--border-left-width:0px;border-color:#969696;--border-color:#969696;--margin-top:0px;--margin-bottom:0px;--margin-left:0px;--margin-right:0px;--padding-top:100px;--padding-bottom:100px;--padding-left:0px;--padding-right:0px;}.elementor-widget-heading .elementor-heading-title{font-family:var( --e-global-typography-primary-font-family ), Sans-serif;font-weight:var( --e-global-typography-primary-font-weight );color:var( --e-global-color-primary );}.elementor-129 .elementor-element.elementor-element-247f0fc{text-align:center;}.elementor-129 .elementor-element.elementor-element-247f0fc .elementor-heading-title{font-family:\"Montserrat\", Sans-serif;font-size:60px;font-weight:600;color:#000000;}.elementor-129 .elementor-element.elementor-element-d9f2180{--display:flex;--flex-direction:row;--container-widget-width:initial;--container-widget-height:100%;--container-widget-flex-grow:1;--container-widget-align-self:stretch;--flex-wrap-mobile:wrap;--gap:0px 0px;--row-gap:0px;--column-gap:0px;--padding-top:70px;--padding-bottom:70px;--padding-left:0px;--padding-right:0px;}.elementor-129 .elementor-element.elementor-element-f651f9a{--display:flex;--flex-direction:column;--container-widget-width:100%;--container-widget-height:initial;--container-widget-flex-grow:0;--container-widget-align-self:initial;--flex-wrap-mobile:wrap;}.elementor-129 .elementor-element.elementor-element-f651f9a.e-con{--flex-grow:0;--flex-shrink:0;}.elementor-widget-image .widget-image-caption{color:var( --e-global-color-text );font-family:var( --e-global-typography-text-font-family ), Sans-serif;font-weight:var( --e-global-typography-text-font-weight );}.elementor-129 .elementor-element.elementor-element-743a185{text-align:start;}.elementor-129 .elementor-element.elementor-element-743a185 img{width:52%;}.elementor-129 .elementor-element.elementor-element-40e29ee{--display:flex;--flex-direction:column;--container-widget-width:100%;--container-widget-height:initial;--container-widget-flex-grow:0;--container-widget-align-self:initial;--flex-wrap-mobile:wrap;}.elementor-widget-text-editor{font-family:var( --e-global-typography-text-font-family ), Sans-serif;font-weight:var( --e-global-typography-text-font-weight );color:var( --e-global-color-text );}.elementor-widget-text-editor.elementor-drop-cap-view-stacked .elementor-drop-cap{background-color:var( --e-global-color-primary );}.elementor-widget-text-editor.elementor-drop-cap-view-framed .elementor-drop-cap, .elementor-widget-text-editor.elementor-drop-cap-view-default .elementor-drop-cap{color:var( --e-global-color-primary );border-color:var( --e-global-color-primary );}.elementor-129 .elementor-element.elementor-element-3c43bd7{font-family:\"Work Sans\", Sans-serif;font-weight:400;}body.elementor-page-129:not(.elementor-motion-effects-element-type-background), body.elementor-page-129 > .elementor-motion-effects-container > .elementor-motion-effects-layer{background-color:var( --e-global-color-9fc57cb );}:root{--page-title-display:none;}@media(max-width:1024px){.elementor-129 .elementor-element.elementor-element-743a185 img{width:62%;}}@media(min-width:768px){.elementor-129 .elementor-element.elementor-element-f0f5491{--content-width:800px;}.elementor-129 .elementor-element.elementor-element-f651f9a{--width:40%;}.elementor-129 .elementor-element.elementor-element-40e29ee{--width:60%;}}@media(max-width:1024px) and (min-width:768px){.elementor-129 .elementor-element.elementor-element-f0f5491{--content-width:600px;}}@media(max-width:767px){.elementor-129 .elementor-element.elementor-element-f0f5491{--content-width:85%;--padding-top:50px;--padding-bottom:50px;--padding-left:0px;--padding-right:0px;}.elementor-129 .elementor-element.elementor-element-247f0fc .elementor-heading-title{font-size:30px;}.elementor-129 .elementor-element.elementor-element-743a185{text-align:center;}}<\/style>\t\t<div data-elementor-type=\"wp-page\" data-elementor-id=\"129\" class=\"elementor elementor-129\" data-elementor-post-type=\"page\">\n\t\t\t\t<div class=\"elementor-element elementor-element-f0f5491 e-flex e-con-boxed e-con e-parent\" data-id=\"f0f5491\" data-element_type=\"container\">\n\t\t\t\t\t<div class=\"e-con-inner\">\n\t\t\t\t<div class=\"elementor-element elementor-element-247f0fc elementor-widget elementor-widget-heading\" data-id=\"247f0fc\" data-element_type=\"widget\" data-widget_type=\"heading.default\">\n\t\t\t\t\t<h1 class=\"elementor-heading-title elementor-size-default\">Cookie Policy<\/h1>\t\t\t\t<\/div>\n\t\t\t\t\t<\/div>\n\t\t\t\t<\/div>\n\t\t<div class=\"elementor-element elementor-element-d9f2180 e-flex e-con-boxed e-con e-parent\" data-id=\"d9f2180\" data-element_type=\"container\">\n\t\t\t\t\t<div class=\"e-con-inner\">\n\t\t<div class=\"elementor-element elementor-element-f651f9a e-con-full e-flex e-con e-child\" data-id=\"f651f9a\" data-element_type=\"container\" data-settings=\"{&quot;sticky&quot;:&quot;top&quot;,&quot;sticky_on&quot;:[&quot;desktop&quot;],&quot;sticky_parent&quot;:&quot;yes&quot;,&quot;sticky_offset&quot;:0,&quot;sticky_effects_offset&quot;:0,&quot;sticky_anchor_link_offset&quot;:0}\">\n\t\t\t\t<div class=\"elementor-element elementor-element-743a185 elementor-widget elementor-widget-image\" data-id=\"743a185\" data-element_type=\"widget\" data-widget_type=\"image.default\">\n\t\t\t\t\t\t\t\t\t\t\t\t\t\t\t<img decoding=\"async\" width=\"317\" height=\"135\" src=\"https:\/\/fainstudios.ro\/wp-content\/uploads\/2025\/10\/fain-studios.png\" class=\"attachment-large size-large wp-image-235\" alt=\"\" srcset=\"https:\/\/fainstudios.ro\/wp-content\/uploads\/2025\/10\/fain-studios.png 317w, https:\/\/fainstudios.ro\/wp-content\/uploads\/2025\/10\/fain-studios-300x128.png 300w\" sizes=\"(max-width: 317px) 100vw, 317px\" \/>\t\t\t\t\t\t\t\t\t\t\t\t\t\t\t<\/div>\n\t\t\t\t<\/div>\n\t\t<div class=\"elementor-element elementor-element-40e29ee e-con-full e-flex e-con e-child\" data-id=\"40e29ee\" data-element_type=\"container\">\n\t\t\t\t<div class=\"elementor-element elementor-element-3c43bd7 elementor-widget elementor-widget-text-editor\" data-id=\"3c43bd7\" data-element_type=\"widget\" data-widget_type=\"text-editor.default\">\n\t\t\t\t\t\t\t\t\t<p>This cookie policy explains how\u00a0<strong>Fain Studios<\/strong>, owned by\u00a0<strong>Mondial Sport SRL<\/strong>, uses cookies on the website www.fainstudios.ro\n. By using this site, you agree to the use of cookies in accordance with this policy. If you do not agree to the use of cookies, you can disable them by following the instructions in this policy.<\/p><ol><li><p><strong>What are cookies?<\/strong><br \/>Cookies are small text files placed on your device when you visit a website. These files help the site function properly, remember your preferences, and collect anonymous information about site visits to improve the user experience.<\/p><\/li><li><p><strong>Types of cookies used<\/strong><\/p><ul><li><strong>Essential cookies:<\/strong>\u00a0Necessary for the proper functioning of the site. Without these cookies, certain features (such as authentication or form completion) will not be available.<\/li><li><strong>Performance cookies:<\/strong>\u00a0Collect information about how visitors use the site, such as the most visited pages or any errors encountered. The information collected is anonymous and is used to improve site performance.<\/li><li><strong>Functionality cookies:<\/strong>\u00a0Allow the site to remember the choices you make (such as your preferred language or region) and provide personalized features.<\/li><li><strong>Marketing and advertising cookies:<\/strong>\u00a0Used to deliver ads that are more relevant to you and your interests. They also limit the number of times an ad is shown and help measure the effectiveness of advertising campaigns.<\/li><\/ul><\/li><li><p><strong>Third-party cookies<\/strong><br \/>Some cookies on our site are placed by third parties, such as web analytics providers or social media platforms. These cookies collect anonymous information about site usage and are managed by those third parties in accordance with their own privacy policies.<\/p><\/li><li><p><strong>Managing and disabling cookies<\/strong><br \/>Most web browsers allow you to control cookies through their settings. You can choose to disable cookies or to be notified when a cookie is placed on your device. However, disabling essential cookies may affect site functionality. To manage cookies, check your browser\u2019s \u201cHelp\u201d section or visit the links below for instructions:<\/p><ul><li>Cookie settings for Google Chrome<\/li><li>Cookie settings for Mozilla Firefox<\/li><li>Cookie settings for Microsoft Edge<\/li><li>Cookie settings for Safari<\/li><\/ul><\/li><li><p><strong>Updates to the cookie policy<\/strong><br \/><strong>Fain Studios<\/strong>, owned by <strong>Mondial Sport\u00a0SRL<\/strong> Fain Studios, owned by Mondial Sport SRL (CUI: 21457570, Address: Str. Ciprian Porumbescu 3, Cluj-Napoca, Romania), reserves the right to periodically update this cookie policy. Any changes will be posted on this page and will take effect immediately upon publication. We recommend checking this page periodically to stay informed about any updates.<\/p><\/li><li><p><strong>Contact<\/strong><br \/>If you have any questions or concerns regarding the use of cookies on our website, please contact us at contact@fainstudios.ro.<\/p><\/li><\/ol>\t\t\t\t\t\t\t\t<\/div>\n\t\t\t\t<\/div>\n\t\t\t\t\t<\/div>\n\t\t\t\t<\/div>\n\t\t\t\t<\/div>","protected":false},"excerpt":{"rendered":"<p>Politica Cookies Aceast\u0103 politic\u0103 privind cookie-urile explic\u0103 modul \u00een care\u00a0Fain Studios, de\u021binut de\u00a0Mondial Sport SRL, utilizeaz\u0103 cookie-uri pe website-ul www.fainstudios.ro. Prin utilizarea acestui site, sunte\u021bi de acord cu utilizarea cookie-urilor \u00een conformitate cu aceast\u0103 politic\u0103. Dac\u0103 nu sunte\u021bi de acord cu utilizarea cookie-urilor, pute\u021bi s\u0103 le dezactiva\u021bi urm\u00e2nd instruc\u021biunile din aceast\u0103 politic\u0103. Ce sunt cookie-urile?Cookie-urile [&hellip;]<\/p>","protected":false},"author":1,"featured_media":0,"parent":0,"menu_order":0,"comment_status":"closed","ping_status":"closed","template":"","meta":{"footnotes":""},"class_list":["post-129","page","type-page","status-publish","hentry"],"_links":{"self":[{"href":"https:\/\/fainstudios.ro\/en\/wp-json\/wp\/v2\/pages\/129","targetHints":{"allow":["GET"]}}],"collection":[{"href":"https:\/\/fainstudios.ro\/en\/wp-json\/wp\/v2\/pages"}],"about":[{"href":"https:\/\/fainstudios.ro\/en\/wp-json\/wp\/v2\/types\/page"}],"author":[{"embeddable":true,"href":"https:\/\/fainstudios.ro\/en\/wp-json\/wp\/v2\/users\/1"}],"replies":[{"embeddable":true,"href":"https:\/\/fainstudios.ro\/en\/wp-json\/wp\/v2\/comments?post=129"}],"version-history":[{"count":0,"href":"https:\/\/fainstudios.ro\/en\/wp-json\/wp\/v2\/pages\/129\/revisions"}],"wp:attachment":[{"href":"https:\/\/fainstudios.ro\/en\/wp-json\/wp\/v2\/media?parent=129"}],"curies":[{"name":"wp","href":"https:\/\/api.w.org\/{rel}","templated":true}]}}