{"id":134,"date":"2025-09-30T16:15:09","date_gmt":"2025-09-30T16:15:09","guid":{"rendered":"https:\/\/fainstudios.ro\/?page_id=134"},"modified":"2025-10-30T12:33:44","modified_gmt":"2025-10-30T10:33:44","slug":"politica-de-anulare","status":"publish","type":"page","link":"https:\/\/fainstudios.ro\/en\/politica-de-anulare\/","title":{"rendered":"Cancellation Policy"},"content":{"rendered":"<style>.elementor-134 .elementor-element.elementor-element-3924e2a{--display:flex;--flex-direction:column;--container-widget-width:100%;--container-widget-height:initial;--container-widget-flex-grow:0;--container-widget-align-self:initial;--flex-wrap-mobile:wrap;border-style:solid;--border-style:solid;border-width:1px 0px 1px 0px;--border-top-width:1px;--border-right-width:0px;--border-bottom-width:1px;--border-left-width:0px;border-color:#969696;--border-color:#969696;--margin-top:0px;--margin-bottom:0px;--margin-left:0px;--margin-right:0px;--padding-top:100px;--padding-bottom:100px;--padding-left:0px;--padding-right:0px;}.elementor-widget-heading .elementor-heading-title{font-family:var( --e-global-typography-primary-font-family ), Sans-serif;font-weight:var( --e-global-typography-primary-font-weight );color:var( --e-global-color-primary );}.elementor-134 .elementor-element.elementor-element-e85ae0b{text-align:center;}.elementor-134 .elementor-element.elementor-element-e85ae0b .elementor-heading-title{font-family:\"Montserrat\", Sans-serif;font-size:60px;font-weight:600;color:#000000;}.elementor-134 .elementor-element.elementor-element-4a8682d{--display:flex;--flex-direction:row;--container-widget-width:initial;--container-widget-height:100%;--container-widget-flex-grow:1;--container-widget-align-self:stretch;--flex-wrap-mobile:wrap;--gap:0px 0px;--row-gap:0px;--column-gap:0px;--padding-top:70px;--padding-bottom:70px;--padding-left:0px;--padding-right:0px;}.elementor-134 .elementor-element.elementor-element-47aa318{--display:flex;--flex-direction:column;--container-widget-width:100%;--container-widget-height:initial;--container-widget-flex-grow:0;--container-widget-align-self:initial;--flex-wrap-mobile:wrap;}.elementor-134 .elementor-element.elementor-element-47aa318.e-con{--flex-grow:0;--flex-shrink:0;}.elementor-widget-image .widget-image-caption{color:var( --e-global-color-text );font-family:var( --e-global-typography-text-font-family ), Sans-serif;font-weight:var( --e-global-typography-text-font-weight );}.elementor-134 .elementor-element.elementor-element-c12aa27{text-align:start;}.elementor-134 .elementor-element.elementor-element-c12aa27 img{width:52%;}.elementor-134 .elementor-element.elementor-element-9ec7142{--display:flex;--flex-direction:column;--container-widget-width:100%;--container-widget-height:initial;--container-widget-flex-grow:0;--container-widget-align-self:initial;--flex-wrap-mobile:wrap;}.elementor-widget-text-editor{font-family:var( --e-global-typography-text-font-family ), Sans-serif;font-weight:var( --e-global-typography-text-font-weight );color:var( --e-global-color-text );}.elementor-widget-text-editor.elementor-drop-cap-view-stacked .elementor-drop-cap{background-color:var( --e-global-color-primary );}.elementor-widget-text-editor.elementor-drop-cap-view-framed .elementor-drop-cap, .elementor-widget-text-editor.elementor-drop-cap-view-default .elementor-drop-cap{color:var( --e-global-color-primary );border-color:var( --e-global-color-primary );}.elementor-134 .elementor-element.elementor-element-4c1fc23{font-family:\"Work Sans\", Sans-serif;font-weight:400;}body.elementor-page-134:not(.elementor-motion-effects-element-type-background), body.elementor-page-134 > .elementor-motion-effects-container > .elementor-motion-effects-layer{background-color:var( --e-global-color-9fc57cb );}:root{--page-title-display:none;}@media(max-width:1024px){.elementor-134 .elementor-element.elementor-element-c12aa27 img{width:62%;}}@media(min-width:768px){.elementor-134 .elementor-element.elementor-element-3924e2a{--content-width:800px;}.elementor-134 .elementor-element.elementor-element-47aa318{--width:40%;}.elementor-134 .elementor-element.elementor-element-9ec7142{--width:60%;}}@media(max-width:1024px) and (min-width:768px){.elementor-134 .elementor-element.elementor-element-3924e2a{--content-width:600px;}}@media(max-width:767px){.elementor-134 .elementor-element.elementor-element-3924e2a{--content-width:85%;--padding-top:50px;--padding-bottom:50px;--padding-left:0px;--padding-right:0px;}.elementor-134 .elementor-element.elementor-element-e85ae0b .elementor-heading-title{font-size:30px;}.elementor-134 .elementor-element.elementor-element-c12aa27{text-align:center;}}<\/style>\t\t<div data-elementor-type=\"wp-page\" data-elementor-id=\"134\" class=\"elementor elementor-134\" data-elementor-post-type=\"page\">\n\t\t\t\t<div class=\"elementor-element elementor-element-3924e2a e-flex e-con-boxed e-con e-parent\" data-id=\"3924e2a\" data-element_type=\"container\">\n\t\t\t\t\t<div class=\"e-con-inner\">\n\t\t\t\t<div class=\"elementor-element elementor-element-e85ae0b elementor-widget elementor-widget-heading\" data-id=\"e85ae0b\" data-element_type=\"widget\" data-widget_type=\"heading.default\">\n\t\t\t\t\t<h1 class=\"elementor-heading-title elementor-size-default\">Cancellation Policy<\/h1>\t\t\t\t<\/div>\n\t\t\t\t\t<\/div>\n\t\t\t\t<\/div>\n\t\t<div class=\"elementor-element elementor-element-4a8682d e-flex e-con-boxed e-con e-parent\" data-id=\"4a8682d\" data-element_type=\"container\">\n\t\t\t\t\t<div class=\"e-con-inner\">\n\t\t<div class=\"elementor-element elementor-element-47aa318 e-con-full e-flex e-con e-child\" data-id=\"47aa318\" data-element_type=\"container\" data-settings=\"{&quot;sticky&quot;:&quot;top&quot;,&quot;sticky_on&quot;:[&quot;desktop&quot;],&quot;sticky_parent&quot;:&quot;yes&quot;,&quot;sticky_offset&quot;:0,&quot;sticky_effects_offset&quot;:0,&quot;sticky_anchor_link_offset&quot;:0}\">\n\t\t\t\t<div class=\"elementor-element elementor-element-c12aa27 elementor-widget elementor-widget-image\" data-id=\"c12aa27\" data-element_type=\"widget\" data-widget_type=\"image.default\">\n\t\t\t\t\t\t\t\t\t\t\t\t\t\t\t<img decoding=\"async\" width=\"317\" height=\"135\" src=\"https:\/\/fainstudios.ro\/wp-content\/uploads\/2025\/10\/fain-studios.png\" class=\"attachment-large size-large wp-image-235\" alt=\"\" srcset=\"https:\/\/fainstudios.ro\/wp-content\/uploads\/2025\/10\/fain-studios.png 317w, https:\/\/fainstudios.ro\/wp-content\/uploads\/2025\/10\/fain-studios-300x128.png 300w\" sizes=\"(max-width: 317px) 100vw, 317px\" \/>\t\t\t\t\t\t\t\t\t\t\t\t\t\t\t<\/div>\n\t\t\t\t<\/div>\n\t\t<div class=\"elementor-element elementor-element-9ec7142 e-con-full e-flex e-con e-child\" data-id=\"9ec7142\" data-element_type=\"container\">\n\t\t\t\t<div class=\"elementor-element elementor-element-4c1fc23 elementor-widget elementor-widget-text-editor\" data-id=\"4c1fc23\" data-element_type=\"widget\" data-widget_type=\"text-editor.default\">\n\t\t\t\t\t\t\t\t\t<p>Welcome to Fain Studios! This cancellation and payment policy explains the terms and conditions that apply to bookings made on our website, www.fainstudios.ro\n. Please read this policy carefully before making a reservation. By booking your stay with us, you agree to the terms and conditions below.<\/p><p><strong>1. Payment Policy<\/strong><\/p><ul><li><strong>Full payment:<\/strong>: All reservations must be paid in full at the time of booking. Payment confirms your reservation and guarantees accommodation availability.<\/li><li><strong>Weekend stays:<\/strong>For weekends (Friday \u2013 Sunday), reservations are accepted for a\u00a0<strong>minimum of 2 nights.<\/strong>.<\/li><\/ul><p><strong>2. Cancellation Policy<\/strong><\/p><ul><li><strong>Cancellations made more than 14 days before check-in:<\/strong>If you cancel your reservation at least 14 days before your arrival date, you will receive a full refund with no penalties.<\/li><li><strong>Cancellations made less than 14 days before check-in:<\/strong>Reservations canceled less than 14 days prior to check-in are not eligible for a refund.<\/li><\/ul><p><strong>3. No-Show Policy<\/strong><\/p><p>If you do not arrive at the property on the scheduled date and have not canceled your reservation, the full amount paid will be retained. No refunds are offered for no-shows.<\/p><p><strong>4. Reservation Modifications<\/strong><\/p><ul><li><strong>Changes made more than 14 days before check-in:<\/strong>Reservation dates or details can be modified without penalty, subject to availability.<\/li><li><strong>Changes made less than 14 days before check-in:<\/strong>No changes are allowed during this period.<\/li><\/ul><p><strong>5. Refunds<\/strong><\/p><p>Refunds for canceled reservations will be processed within 7 business days of receiving the cancellation request. Refunds will be made using the same payment method used for the original booking.<\/p><p><strong>6. Cancellations by Fain Studios<\/strong><\/p><p>Fain Studios reserves the right to cancel reservations in exceptional circumstances (force majeure, natural disasters, etc.). In such cases, you will receive a full refund or the option to reschedule your stay for other available dates at no additional cost.<\/p><p><strong>7. How to Cancel a Reservation<\/strong><\/p><p>To cancel a reservation, please send an email to contact@fainstudios.ro\n with the subject line \u201cReservation Cancellation\u201d, including your booking details (name, reservation number, and check-in\/check-out dates). The date your email is received will be considered the official cancellation date.<\/p><p><strong>8. Contact<\/strong><\/p><p>If you have any further questions regarding our cancellation and payment policy, please contact us at:<\/p><ul><li><strong>Email<\/strong>:\u00a0<a rel=\"noopener\">at contact@fainstudios.ro<\/a><\/li><li><strong>Phone<\/strong>: 0755 082 686<\/li><\/ul><p>Thank you for choosing Fain Studios!<\/p>\t\t\t\t\t\t\t\t<\/div>\n\t\t\t\t<\/div>\n\t\t\t\t\t<\/div>\n\t\t\t\t<\/div>\n\t\t\t\t<\/div>","protected":false},"excerpt":{"rendered":"<p>Politica de Anulare Bine a\u021bi venit la Fain Studios! Aceast\u0103 politic\u0103 de anulare \u0219i plat\u0103 explic\u0103 termenii \u0219i condi\u021biile care se aplic\u0103 la rezerv\u0103rile efectuate pe site-ul nostru www.fainstudios.ro. V\u0103 rug\u0103m s\u0103 citi\u021bi cu aten\u021bie aceast\u0103 politic\u0103 \u00eenainte de a efectua o rezervare. Prin rezervarea unei \u0219ederi la noi, sunte\u021bi de acord cu termenii \u0219i [&hellip;]<\/p>","protected":false},"author":1,"featured_media":0,"parent":0,"menu_order":0,"comment_status":"closed","ping_status":"closed","template":"","meta":{"footnotes":""},"class_list":["post-134","page","type-page","status-publish","hentry"],"_links":{"self":[{"href":"https:\/\/fainstudios.ro\/en\/wp-json\/wp\/v2\/pages\/134","targetHints":{"allow":["GET"]}}],"collection":[{"href":"https:\/\/fainstudios.ro\/en\/wp-json\/wp\/v2\/pages"}],"about":[{"href":"https:\/\/fainstudios.ro\/en\/wp-json\/wp\/v2\/types\/page"}],"author":[{"embeddable":true,"href":"https:\/\/fainstudios.ro\/en\/wp-json\/wp\/v2\/users\/1"}],"replies":[{"embeddable":true,"href":"https:\/\/fainstudios.ro\/en\/wp-json\/wp\/v2\/comments?post=134"}],"version-history":[{"count":0,"href":"https:\/\/fainstudios.ro\/en\/wp-json\/wp\/v2\/pages\/134\/revisions"}],"wp:attachment":[{"href":"https:\/\/fainstudios.ro\/en\/wp-json\/wp\/v2\/media?parent=134"}],"curies":[{"name":"wp","href":"https:\/\/api.w.org\/{rel}","templated":true}]}}