{"id":139,"date":"2025-09-30T16:18:27","date_gmt":"2025-09-30T16:18:27","guid":{"rendered":"https:\/\/fainstudios.ro\/?page_id=139"},"modified":"2025-10-31T13:41:02","modified_gmt":"2025-10-31T11:41:02","slug":"cum-platesc","status":"publish","type":"page","link":"https:\/\/fainstudios.ro\/en\/cum-platesc\/","title":{"rendered":"How to pay"},"content":{"rendered":"<style>.elementor-139 .elementor-element.elementor-element-1f1d478{--display:flex;--flex-direction:column;--container-widget-width:100%;--container-widget-height:initial;--container-widget-flex-grow:0;--container-widget-align-self:initial;--flex-wrap-mobile:wrap;border-style:solid;--border-style:solid;border-width:1px 0px 1px 0px;--border-top-width:1px;--border-right-width:0px;--border-bottom-width:1px;--border-left-width:0px;border-color:#969696;--border-color:#969696;--margin-top:0px;--margin-bottom:0px;--margin-left:0px;--margin-right:0px;--padding-top:100px;--padding-bottom:100px;--padding-left:0px;--padding-right:0px;}.elementor-widget-heading .elementor-heading-title{font-family:var( --e-global-typography-primary-font-family ), Sans-serif;font-weight:var( --e-global-typography-primary-font-weight );color:var( --e-global-color-primary );}.elementor-139 .elementor-element.elementor-element-f32fe63{text-align:center;}.elementor-139 .elementor-element.elementor-element-f32fe63 .elementor-heading-title{font-family:\"Montserrat\", Sans-serif;font-size:60px;font-weight:600;color:#000000;}.elementor-139 .elementor-element.elementor-element-ac5d118{--display:flex;--flex-direction:row;--container-widget-width:initial;--container-widget-height:100%;--container-widget-flex-grow:1;--container-widget-align-self:stretch;--flex-wrap-mobile:wrap;--gap:0px 0px;--row-gap:0px;--column-gap:0px;--padding-top:70px;--padding-bottom:70px;--padding-left:0px;--padding-right:0px;}.elementor-139 .elementor-element.elementor-element-ffd4d59{--display:flex;--flex-direction:column;--container-widget-width:100%;--container-widget-height:initial;--container-widget-flex-grow:0;--container-widget-align-self:initial;--flex-wrap-mobile:wrap;}.elementor-139 .elementor-element.elementor-element-ffd4d59.e-con{--flex-grow:0;--flex-shrink:0;}.elementor-widget-image .widget-image-caption{color:var( --e-global-color-text );font-family:var( --e-global-typography-text-font-family ), Sans-serif;font-weight:var( --e-global-typography-text-font-weight );}.elementor-139 .elementor-element.elementor-element-1aa1d38{text-align:start;}.elementor-139 .elementor-element.elementor-element-1aa1d38 img{width:52%;}.elementor-139 .elementor-element.elementor-element-651dd46{--display:flex;--flex-direction:column;--container-widget-width:100%;--container-widget-height:initial;--container-widget-flex-grow:0;--container-widget-align-self:initial;--flex-wrap-mobile:wrap;}.elementor-widget-text-editor{font-family:var( --e-global-typography-text-font-family ), Sans-serif;font-weight:var( --e-global-typography-text-font-weight );color:var( --e-global-color-text );}.elementor-widget-text-editor.elementor-drop-cap-view-stacked .elementor-drop-cap{background-color:var( --e-global-color-primary );}.elementor-widget-text-editor.elementor-drop-cap-view-framed .elementor-drop-cap, .elementor-widget-text-editor.elementor-drop-cap-view-default .elementor-drop-cap{color:var( --e-global-color-primary );border-color:var( --e-global-color-primary );}.elementor-139 .elementor-element.elementor-element-ce73a40{font-family:\"Work Sans\", Sans-serif;font-weight:400;}body.elementor-page-139:not(.elementor-motion-effects-element-type-background), body.elementor-page-139 > .elementor-motion-effects-container > .elementor-motion-effects-layer{background-color:var( --e-global-color-9fc57cb );}:root{--page-title-display:none;}@media(max-width:1024px){.elementor-139 .elementor-element.elementor-element-1aa1d38 img{width:62%;}}@media(min-width:768px){.elementor-139 .elementor-element.elementor-element-1f1d478{--content-width:800px;}.elementor-139 .elementor-element.elementor-element-ffd4d59{--width:40%;}.elementor-139 .elementor-element.elementor-element-651dd46{--width:60%;}}@media(max-width:1024px) and (min-width:768px){.elementor-139 .elementor-element.elementor-element-1f1d478{--content-width:600px;}}@media(max-width:767px){.elementor-139 .elementor-element.elementor-element-1f1d478{--content-width:85%;--padding-top:50px;--padding-bottom:50px;--padding-left:0px;--padding-right:0px;}.elementor-139 .elementor-element.elementor-element-f32fe63 .elementor-heading-title{font-size:30px;}.elementor-139 .elementor-element.elementor-element-1aa1d38{text-align:center;}}<\/style>\t\t<div data-elementor-type=\"wp-page\" data-elementor-id=\"139\" class=\"elementor elementor-139\" data-elementor-post-type=\"page\">\n\t\t\t\t<div class=\"elementor-element elementor-element-1f1d478 e-flex e-con-boxed e-con e-parent\" data-id=\"1f1d478\" data-element_type=\"container\">\n\t\t\t\t\t<div class=\"e-con-inner\">\n\t\t\t\t<div class=\"elementor-element elementor-element-f32fe63 elementor-widget elementor-widget-heading\" data-id=\"f32fe63\" data-element_type=\"widget\" data-widget_type=\"heading.default\">\n\t\t\t\t\t<h1 class=\"elementor-heading-title elementor-size-default\">Payment<\/h1>\t\t\t\t<\/div>\n\t\t\t\t\t<\/div>\n\t\t\t\t<\/div>\n\t\t<div class=\"elementor-element elementor-element-ac5d118 e-flex e-con-boxed e-con e-parent\" data-id=\"ac5d118\" data-element_type=\"container\">\n\t\t\t\t\t<div class=\"e-con-inner\">\n\t\t<div class=\"elementor-element elementor-element-ffd4d59 e-con-full e-flex e-con e-child\" data-id=\"ffd4d59\" data-element_type=\"container\" data-settings=\"{&quot;sticky&quot;:&quot;top&quot;,&quot;sticky_on&quot;:[&quot;desktop&quot;],&quot;sticky_parent&quot;:&quot;yes&quot;,&quot;sticky_offset&quot;:0,&quot;sticky_effects_offset&quot;:0,&quot;sticky_anchor_link_offset&quot;:0}\">\n\t\t\t\t<div class=\"elementor-element elementor-element-1aa1d38 elementor-widget elementor-widget-image\" data-id=\"1aa1d38\" data-element_type=\"widget\" data-widget_type=\"image.default\">\n\t\t\t\t\t\t\t\t\t\t\t\t\t\t\t<img decoding=\"async\" width=\"317\" height=\"135\" src=\"https:\/\/fainstudios.ro\/wp-content\/uploads\/2025\/10\/fain-studios.png\" class=\"attachment-large size-large wp-image-235\" alt=\"\" srcset=\"https:\/\/fainstudios.ro\/wp-content\/uploads\/2025\/10\/fain-studios.png 317w, https:\/\/fainstudios.ro\/wp-content\/uploads\/2025\/10\/fain-studios-300x128.png 300w\" sizes=\"(max-width: 317px) 100vw, 317px\" \/>\t\t\t\t\t\t\t\t\t\t\t\t\t\t\t<\/div>\n\t\t\t\t<\/div>\n\t\t<div class=\"elementor-element elementor-element-651dd46 e-con-full e-flex e-con e-child\" data-id=\"651dd46\" data-element_type=\"container\">\n\t\t\t\t<div class=\"elementor-element elementor-element-ce73a40 elementor-widget elementor-widget-text-editor\" data-id=\"ce73a40\" data-element_type=\"widget\" data-widget_type=\"text-editor.default\">\n\t\t\t\t\t\t\t\t\t<p>This policy outlines the terms and conditions governing payments for bookings made on our website, www.fainstudios.ro\n. By making a reservation at Fain Studios, you agree to the terms and conditions described below.<\/p><p><strong>1. Accepted Payment Methods<\/strong><\/p><p>At Fain Studios, full payment is required <strong>at the time of booking.<\/strong>. We accept the following payment methods:<\/p><ul><li><strong>Credit\/Debit Card:<\/strong>: Visa, MasterCard, Maestro.<\/li><li><strong>Bank Transfer:<\/strong>Bank details will be provided upon request during the booking process<\/li><\/ul><p><strong><br \/>2. Secure Payments<\/strong><\/p><p>To ensure the security of all transactions, we use a trusted, secure payment processor. All payment details are encrypted and processed safely.\nFain Studios does not store or have access to your full credit or debit card information.<\/p><p><strong>3. Weekend Reservations<\/strong><\/p><p>For weekend stays (Friday\u2013Sunday), a minimum stay of\u00a0<strong>2 nights is required.<\/strong>.<\/p><p><strong>4. Refunds and Cancellations<\/strong><\/p><ul><li><strong>Cancellations:<\/strong>You are eligible for a full refund only if the cancellation is made at least\u00a0<strong>14 days prior<\/strong>\u00a0to the check-in date.<\/li><li><strong>Refund Processing:<\/strong>Refunds will be processed within 7 business days of the cancellation confirmation and will be issued using the same payment method used for the original transaction.<\/li><\/ul><p><strong>5. Non-Payment Policy<\/strong><\/p><p>Failure to make full payment at the time of booking will result in automatic cancellation of the reservation.<\/p><p><strong>6. Additional Fees<\/strong><\/p><p>Depending on your chosen payment method or your bank\u2019s policies, additional fees (such as currency conversion or international transfer charges) may apply.\nFain Studios is not responsible for such fees and cannot issue refunds for them.<\/p><p><strong>7. Disputes and Payment Issues<\/strong><\/p><p>If you encounter any issues with your payment or wish to dispute a transaction, please contact us immediately\u00a0<strong><a rel=\"noopener\">at contact@fainstudios.ro<\/a><\/strong>We will investigate the issue and aim to resolve it as quickly as possible.<\/p><p><strong>8. Contact<\/strong><\/p><p>For further questions or concerns regarding payments, please contact us at:<\/p><ul><li><strong>Email<\/strong>:\u00a0<a rel=\"noopener\">at contact@fainstudios.ro<\/a><\/li><li><strong>Phone<\/strong>: 0755 082 686<\/li><\/ul>\t\t\t\t\t\t\t\t<\/div>\n\t\t\t\t<\/div>\n\t\t\t\t\t<\/div>\n\t\t\t\t<\/div>\n\t\t\t\t<\/div>","protected":false},"excerpt":{"rendered":"<p>Cum pl\u0103tesc? Aceast\u0103 politic\u0103 explic\u0103 termenii \u0219i condi\u021biile sub care se efectueaz\u0103 pl\u0103\u021bile pentru rezerv\u0103rile realizate pe site-ul nostru, www.fainstudios.ro. Prin efectuarea unei rezerv\u0103ri la Fain Studios, accepta\u021bi termenii \u0219i condi\u021biile descrise mai jos. 1. Metode de Plat\u0103 Acceptate La Fain Studios, plata se efectueaz\u0103 integral la momentul rezerv\u0103rii. Accept\u0103m urm\u0103toarele metode de plat\u0103: Card [&hellip;]<\/p>","protected":false},"author":1,"featured_media":0,"parent":0,"menu_order":0,"comment_status":"closed","ping_status":"closed","template":"","meta":{"footnotes":""},"class_list":["post-139","page","type-page","status-publish","hentry"],"_links":{"self":[{"href":"https:\/\/fainstudios.ro\/en\/wp-json\/wp\/v2\/pages\/139","targetHints":{"allow":["GET"]}}],"collection":[{"href":"https:\/\/fainstudios.ro\/en\/wp-json\/wp\/v2\/pages"}],"about":[{"href":"https:\/\/fainstudios.ro\/en\/wp-json\/wp\/v2\/types\/page"}],"author":[{"embeddable":true,"href":"https:\/\/fainstudios.ro\/en\/wp-json\/wp\/v2\/users\/1"}],"replies":[{"embeddable":true,"href":"https:\/\/fainstudios.ro\/en\/wp-json\/wp\/v2\/comments?post=139"}],"version-history":[{"count":0,"href":"https:\/\/fainstudios.ro\/en\/wp-json\/wp\/v2\/pages\/139\/revisions"}],"wp:attachment":[{"href":"https:\/\/fainstudios.ro\/en\/wp-json\/wp\/v2\/media?parent=139"}],"curies":[{"name":"wp","href":"https:\/\/api.w.org\/{rel}","templated":true}]}}