{"id":462,"date":"2025-10-02T14:25:57","date_gmt":"2025-10-02T14:25:57","guid":{"rendered":"https:\/\/fainstudios.ro\/my-account\/"},"modified":"2025-10-08T11:35:20","modified_gmt":"2025-10-08T11:35:20","slug":"my-account","status":"publish","type":"page","link":"https:\/\/fainstudios.ro\/en\/my-account\/","title":{"rendered":"My account"},"content":{"rendered":"<style>.elementor-462 .elementor-element.elementor-element-7796955{--display:flex;--flex-direction:column;--container-widget-width:100%;--container-widget-height:initial;--container-widget-flex-grow:0;--container-widget-align-self:initial;--flex-wrap-mobile:wrap;}.elementor-widget-divider{--divider-color:var( --e-global-color-secondary );}.elementor-widget-divider .elementor-divider__text{color:var( --e-global-color-secondary );font-family:var( --e-global-typography-secondary-font-family ), Sans-serif;font-weight:var( --e-global-typography-secondary-font-weight );}.elementor-widget-divider.elementor-view-stacked .elementor-icon{background-color:var( --e-global-color-secondary );}.elementor-widget-divider.elementor-view-framed .elementor-icon, .elementor-widget-divider.elementor-view-default .elementor-icon{color:var( --e-global-color-secondary );border-color:var( --e-global-color-secondary );}.elementor-widget-divider.elementor-view-framed .elementor-icon, .elementor-widget-divider.elementor-view-default .elementor-icon svg{fill:var( --e-global-color-secondary );}.elementor-462 .elementor-element.elementor-element-2ed7a54{--divider-border-style:solid;--divider-color:#9C9C9C;--divider-border-width:1px;margin:-15px 0px calc(var(--kit-widget-spacing, 0px) + 0px) 0px;}.elementor-462 .elementor-element.elementor-element-2ed7a54 .elementor-divider-separator{width:100%;}.elementor-462 .elementor-element.elementor-element-2ed7a54 .elementor-divider{padding-block-start:2px;padding-block-end:2px;}.elementor-462 .elementor-element.elementor-element-c50bd36{--display:flex;--flex-direction:column;--container-widget-width:100%;--container-widget-height:initial;--container-widget-flex-grow:0;--container-widget-align-self:initial;--flex-wrap-mobile:wrap;--margin-top:0px;--margin-bottom:0px;--margin-left:0px;--margin-right:0px;--padding-top:100px;--padding-bottom:100px;--padding-left:0px;--padding-right:0px;}.elementor-widget-heading .elementor-heading-title{font-family:var( --e-global-typography-primary-font-family ), Sans-serif;font-weight:var( --e-global-typography-primary-font-weight );color:var( --e-global-color-primary );}.elementor-462 .elementor-element.elementor-element-0e05cd2{text-align:center;}.elementor-462 .elementor-element.elementor-element-0e05cd2 .elementor-heading-title{font-family:\"Montserrat\", Sans-serif;font-size:60px;font-weight:600;color:#000000;}.elementor-462 .elementor-element.elementor-element-dc434eb{--display:flex;--flex-direction:column;--container-widget-width:100%;--container-widget-height:initial;--container-widget-flex-grow:0;--container-widget-align-self:initial;--flex-wrap-mobile:wrap;--margin-top:0px;--margin-bottom:100px;--margin-left:0px;--margin-right:0px;}.elementor-462 .elementor-element.elementor-element-a740b17 .e-my-account-tab .woocommerce .woocommerce-MyAccount-navigation ul li:not(.is-active) a{background-color:#FFFFFF;}.elementor-462 .elementor-element.elementor-element-a740b17 .e-my-account-tab .woocommerce .woocommerce-MyAccount-navigation ul li a:hover{background-color:#FFFFFF;}.elementor-462 .elementor-element.elementor-element-a740b17 .e-my-account-tab .woocommerce .woocommerce-MyAccount-navigation ul li.is-active a{background-color:#FFFFFF;}.elementor-462 .elementor-element.elementor-element-a740b17 .e-my-account-tab:not(.e-my-account-tab__dashboard--custom) .woocommerce-EditAccountForm .button, .elementor-462 .elementor-element.elementor-element-a740b17 .e-my-account-tab:not(.e-my-account-tab__dashboard--custom) .woocommerce-address-fields .button, .elementor-462 .elementor-element.elementor-element-a740b17 .e-my-account-tab:not(.e-my-account-tab__dashboard--custom) .woocommerce .login .button, .elementor-462 .elementor-element.elementor-element-a740b17 .e-my-account-tab:not(.e-my-account-tab__dashboard--custom) .woocommerce .register .button, .elementor-462 .elementor-element.elementor-element-a740b17 .e-my-account-tab:not(.e-my-account-tab__dashboard--custom) .woocommerce .woocommerce-ResetPassword .button, .elementor-462 .elementor-element.elementor-element-a740b17 #add_payment_method #payment #place_order{background-color:#000000;}.elementor-462 .elementor-element.elementor-element-a740b17 .e-my-account-tab:not(.e-my-account-tab__dashboard--custom) .woocommerce .shop_table .button, .elementor-462 .elementor-element.elementor-element-a740b17 .e-my-account-tab:not(.e-my-account-tab__dashboard--custom) .woocommerce .order-again .button, .elementor-462 .elementor-element.elementor-element-a740b17 .e-my-account-tab:not(.e-my-account-tab__dashboard--custom) .woocommerce .woocommerce-pagination .button, .elementor-462 .elementor-element.elementor-element-a740b17 .e-my-account-tab:not(.e-my-account-tab__dashboard--custom).e-my-account-tab__payment-methods .woocommerce-MyAccount-content-wrapper .button{background-color:#000000;}.elementor-462 .elementor-element.elementor-element-a740b17 .e-my-account-tab .woocommerce .woocommerce-MyAccount-navigation ul li a{font-family:\"Work Sans\", Sans-serif;text-decoration:none;border-width:0px 0px 1px 0px;}.elementor-462 .elementor-element.elementor-element-a740b17{--tabs-normal-color:#131313;--tabs-hover-color:#5D5D5D;--tabs-active-color:#000000;--tabs-border-type:solid;--tabs-border-color:#000000;--links-normal-color:#000000;--forms-buttons-normal-text-color:#FFFFFF;--tables-button-normal-text-color:#FFFFFF;}.elementor-462 .elementor-element.elementor-element-a740b17 .e-my-account-tab:not(.e-my-account-tab__dashboard--custom) h2, .elementor-462 .elementor-element.elementor-element-a740b17 .e-my-account-tab:not(.e-my-account-tab__dashboard--custom) h3{font-family:\"Work Sans\", Sans-serif;}.elementor-462 .elementor-element.elementor-element-a740b17 .woocommerce-MyAccount-content > div > p, .elementor-462 .elementor-element.elementor-element-a740b17 address, .elementor-462 .elementor-element.elementor-element-a740b17 .woocommerce-EditAccountForm fieldset legend, .elementor-462 .elementor-element.elementor-element-a740b17 .woocommerce-ResetPassword p:nth-child(1), .elementor-462 .elementor-element.elementor-element-a740b17 .woocommerce-OrderUpdate{font-family:\"Work Sans\", Sans-serif;}.elementor-462 .elementor-element.elementor-element-a740b17 .e-my-account-tab:not(.e-my-account-tab__dashboard--custom) .woocommerce .register p:not([class]), .elementor-462 .elementor-element.elementor-element-a740b17 .e-my-account-tab:not(.e-my-account-tab__dashboard--custom) .woocommerce em{font-family:\"Work Sans\", Sans-serif;}.elementor-462 .elementor-element.elementor-element-a740b17 .woocommerce-form__label-for-checkbox span{font-family:\"Work Sans\", Sans-serif;}.elementor-462 .elementor-element.elementor-element-a740b17 .woocommerce-PaymentMethod .input-radio + label{font-family:\"Work Sans\", Sans-serif;}.elementor-462 .elementor-element.elementor-element-a740b17 .woocommerce-form-row label, .elementor-462 .elementor-element.elementor-element-a740b17 .woocommerce-address-fields label{font-family:\"Work Sans\", Sans-serif;}.elementor-462 .elementor-element.elementor-element-a740b17 .e-my-account-tab:not(.e-my-account-tab__dashboard--custom) .woocommerce .form-row .input-text, .elementor-462 .elementor-element.elementor-element-a740b17 .e-my-account-tab:not(.e-my-account-tab__dashboard--custom) .woocommerce .form-row select, .elementor-462 .elementor-element.elementor-element-a740b17 ::placeholder, .elementor-462 .elementor-element.elementor-element-a740b17 .select2-container--default .select2-selection--single, .select2-results__option, .elementor-462 .elementor-element.elementor-element-a740b17 .e-my-account-tab__payment-methods input[type=text]{font-family:\"Work Sans\", Sans-serif;}.elementor-462 .elementor-element.elementor-element-a740b17 button.button, .elementor-462 .elementor-element.elementor-element-a740b17 #add_payment_method #payment #place_order{font-family:\"Work Sans\", Sans-serif;}.elementor-462 .elementor-element.elementor-element-a740b17 .order_details thead th, .elementor-462 .elementor-element.elementor-element-a740b17 .order_details tfoot td, .elementor-462 .elementor-element.elementor-element-a740b17 .order_details tfoot th, .elementor-462 .elementor-element.elementor-element-a740b17 .nobr{font-family:\"Work Sans\", Sans-serif;}.elementor-462 .elementor-element.elementor-element-a740b17 .e-my-account-tab__orders tbody td, .elementor-462 .elementor-element.elementor-element-a740b17 .e-my-account-tab__downloads tbody td, .elementor-462 .elementor-element.elementor-element-a740b17 .e-my-account-tab:not(.e-my-account-tab__dashboard--custom) .woocommerce .product-quantity, .elementor-462 .elementor-element.elementor-element-a740b17 .woocommerce-table--order-downloads tbody td, .elementor-462 .elementor-element.elementor-element-a740b17 .woocommerce-table--order-details td a, .elementor-462 .elementor-element.elementor-element-a740b17 td.product-total, .elementor-462 .elementor-element.elementor-element-a740b17 td.payment-method-method, .elementor-462 .elementor-element.elementor-element-a740b17 td.payment-method-expires{font-family:\"Work Sans\", Sans-serif;}.elementor-462 .elementor-element.elementor-element-a740b17 .wc-item-meta{font-family:\"Work Sans\", Sans-serif;}.elementor-462 .elementor-element.elementor-element-a740b17 .shop_table .button, .elementor-462 .elementor-element.elementor-element-a740b17 .order-again .button, .elementor-462 .elementor-element.elementor-element-a740b17 .woocommerce-pagination .button, .elementor-462 .elementor-element.elementor-element-a740b17 .e-my-account-tab__payment-methods .woocommerce-MyAccount-content-wrapper .button{font-family:\"Work Sans\", Sans-serif;}:root{--page-title-display:none;}@media(max-width:767px){.elementor-462 .elementor-element.elementor-element-c50bd36{--content-width:85%;--padding-top:50px;--padding-bottom:50px;--padding-left:0px;--padding-right:0px;}.elementor-462 .elementor-element.elementor-element-0e05cd2 .elementor-heading-title{font-size:30px;}}@media(min-width:768px){.elementor-462 .elementor-element.elementor-element-c50bd36{--content-width:800px;}}@media(max-width:1024px) and (min-width:768px){.elementor-462 .elementor-element.elementor-element-c50bd36{--content-width:600px;}}<\/style>\t\t<div data-elementor-type=\"wp-page\" data-elementor-id=\"462\" class=\"elementor elementor-462\" data-elementor-post-type=\"page\">\n\t\t\t\t<div class=\"elementor-element elementor-element-7796955 e-flex e-con-boxed e-con e-parent\" data-id=\"7796955\" data-element_type=\"container\">\n\t\t\t\t\t<div class=\"e-con-inner\">\n\t\t\t\t<div class=\"elementor-element elementor-element-2ed7a54 elementor-widget-divider--view-line elementor-widget elementor-widget-divider\" data-id=\"2ed7a54\" data-element_type=\"widget\" data-widget_type=\"divider.default\">\n\t\t\t\t\t\t\t<div class=\"elementor-divider\">\n\t\t\t<span class=\"elementor-divider-separator\">\n\t\t\t\t\t\t<\/span>\n\t\t<\/div>\n\t\t\t\t\t\t<\/div>\n\t\t\t\t\t<\/div>\n\t\t\t\t<\/div>\n\t\t<div class=\"elementor-element elementor-element-c50bd36 e-flex e-con-boxed e-con e-parent\" data-id=\"c50bd36\" data-element_type=\"container\">\n\t\t\t\t\t<div class=\"e-con-inner\">\n\t\t\t\t<div class=\"elementor-element elementor-element-0e05cd2 elementor-widget elementor-widget-heading\" data-id=\"0e05cd2\" data-element_type=\"widget\" data-widget_type=\"heading.default\">\n\t\t\t\t\t<h1 class=\"elementor-heading-title elementor-size-default\">My account<\/h1>\t\t\t\t<\/div>\n\t\t\t\t\t<\/div>\n\t\t\t\t<\/div>\n\t\t<div class=\"elementor-element elementor-element-dc434eb e-flex e-con-boxed e-con e-parent\" data-id=\"dc434eb\" data-element_type=\"container\">\n\t\t\t\t\t<div class=\"e-con-inner\">\n\t\t\t\t<div class=\"elementor-element elementor-element-a740b17 e-my-account-tabs-horizontal elementor-widget elementor-widget-woocommerce-my-account\" data-id=\"a740b17\" data-element_type=\"widget\" data-widget_type=\"woocommerce-my-account.default\">\n\t\t\t\t\t<div class=\"e-my-account-tab e-my-account-tab__\">\t\t\t<div class=\"woocommerce\"><\/div>\t\t<\/div>\n\t\t\t\t\t\t<\/div>\n\t\t\t\t\t<\/div>\n\t\t\t\t<\/div>\n\t\t\t\t<\/div>","protected":false},"excerpt":{"rendered":"<p>Contul Meu Panou de Control Comenzi Desc\u0103rc\u0103ri Adrese Detalii Cont Bookings Dezautentificare Panou de Control Comenzi Desc\u0103rc\u0103ri Adrese Detalii Cont Bookings Dezautentificare Hello admin (not admin? Log out) From your account dashboard you can view your recent orders, manage your shipping and billing addresses, and edit your password and account details.<\/p>","protected":false},"author":1,"featured_media":0,"parent":0,"menu_order":0,"comment_status":"closed","ping_status":"closed","template":"","meta":{"footnotes":""},"class_list":["post-462","page","type-page","status-publish","hentry"],"_links":{"self":[{"href":"https:\/\/fainstudios.ro\/en\/wp-json\/wp\/v2\/pages\/462","targetHints":{"allow":["GET"]}}],"collection":[{"href":"https:\/\/fainstudios.ro\/en\/wp-json\/wp\/v2\/pages"}],"about":[{"href":"https:\/\/fainstudios.ro\/en\/wp-json\/wp\/v2\/types\/page"}],"author":[{"embeddable":true,"href":"https:\/\/fainstudios.ro\/en\/wp-json\/wp\/v2\/users\/1"}],"replies":[{"embeddable":true,"href":"https:\/\/fainstudios.ro\/en\/wp-json\/wp\/v2\/comments?post=462"}],"version-history":[{"count":0,"href":"https:\/\/fainstudios.ro\/en\/wp-json\/wp\/v2\/pages\/462\/revisions"}],"wp:attachment":[{"href":"https:\/\/fainstudios.ro\/en\/wp-json\/wp\/v2\/media?parent=462"}],"curies":[{"name":"wp","href":"https:\/\/api.w.org\/{rel}","templated":true}]}}